{"id":585,"date":"2025-07-10T09:44:30","date_gmt":"2025-07-10T09:44:30","guid":{"rendered":"https:\/\/www.die-schrifterzaehler.de\/?page_id=585"},"modified":"2025-08-04T16:51:22","modified_gmt":"2025-08-04T14:51:22","slug":"hoerergeschichten","status":"publish","type":"page","link":"https:\/\/www.die-schrifterzaehler.de\/index.php\/hoerergeschichten\/","title":{"rendered":"H\u00f6rergeschichten"},"content":{"rendered":"<div id=\"pl-585\"  class=\"panel-layout\" ><div id=\"pg-585-0\"  class=\"panel-grid panel-has-style\" ><div class=\"panel-row-style panel-row-style-for-585-0\" ><div id=\"pgc-585-0-0\"  class=\"panel-grid-cell\" ><div id=\"panel-585-0-0-0\" class=\"so-panel widget widget_sow-editor panel-first-child panel-last-child\" data-index=\"0\" ><div\n\t\t\t\n\t\t\tclass=\"so-widget-sow-editor so-widget-sow-editor-base\"\n\t\t\t\n\t\t>\n<div class=\"siteorigin-widget-tinymce textwidget\">\n\t<h1 style=\"text-align: center;\">H\u00f6rergeschichten<\/h1>\n<\/div>\n<\/div><\/div><\/div><\/div><\/div><div id=\"pg-585-1\"  class=\"panel-grid panel-no-style\" ><div id=\"pgc-585-1-0\"  class=\"panel-grid-cell panel-grid-cell-empty\" ><\/div><div id=\"pgc-585-1-1\"  class=\"panel-grid-cell panel-grid-cell-mobile-last\" ><div id=\"panel-585-1-1-0\" class=\"so-panel widget widget_sow-editor panel-first-child panel-last-child\" data-index=\"1\" ><div\n\t\t\t\n\t\t\tclass=\"so-widget-sow-editor so-widget-sow-editor-base\"\n\t\t\t\n\t\t>\n<div class=\"siteorigin-widget-tinymce textwidget\">\n\t<div>\n<p>In dieser Rubrik findet ihr Geschichten unserer H\u00f6rerinnen und H\u00f6rer, als Text oder Audio. Wir sind begeistert! Und scheinbar haben wir als Schrifterz\u00e4hler etwas angesto\u00dfen, was Fr\u00fcchte tr\u00e4gt.<\/p>\n<\/div>\n<div><\/div>\n<div><\/div>\n<div>Macht weiter und schickt uns eure Geschichten zur Bibel. Am besten unter<\/div>\n<div><a href=\"mailto:info@die-schrifterzaehler.de\" target=\"_blank\" rel=\"noopener\">info@die-schrifterzaehler.de<\/a><\/div>\n<\/div>\n<\/div><\/div><\/div><div id=\"pgc-585-1-2\"  class=\"panel-grid-cell panel-grid-cell-empty\" ><\/div><\/div><div id=\"pg-585-2\"  class=\"panel-grid panel-has-style\" ><div class=\"panel-row-style panel-row-style-for-585-2\" ><div id=\"pgc-585-2-0\"  class=\"panel-grid-cell panel-grid-cell-empty\" ><\/div><div id=\"pgc-585-2-1\"  class=\"panel-grid-cell panel-grid-cell-mobile-last\" ><div id=\"panel-585-2-1-0\" class=\"so-panel widget widget_text panel-first-child\" data-index=\"2\" ><div class=\"panel-widget-style panel-widget-style-for-585-2-1-0\" >\t\t\t<div class=\"textwidget\"><\/div>\n\t\t<\/div><\/div><div id=\"panel-585-2-1-1\" class=\"so-panel widget widget_sow-editor\" data-index=\"3\" ><div\n\t\t\t\n\t\t\tclass=\"so-widget-sow-editor so-widget-sow-editor-base\"\n\t\t\t\n\t\t>\n<div class=\"siteorigin-widget-tinymce textwidget\">\n\t<h2 class=\"sc-text-h1 soundTitle__title sc-font g-type-shrinkwrap-inline theme-dark\">Die S\u00fcnderin<\/h2>\n<p>von Patricia Bollinger<\/p>\n<\/div>\n<\/div><\/div><div id=\"panel-585-2-1-2\" class=\"widget_text so-panel widget widget_custom_html\" data-index=\"4\" ><div class=\"textwidget custom-html-widget\"><iframe loading=\"lazy\" width=\"100%\" height=\"166\" scrolling=\"no\" frameborder=\"no\" allow=\"autoplay\" src=\"https:\/\/w.soundcloud.com\/player\/?url=https%3A\/\/api.soundcloud.com\/tracks\/2127582669&color=%23d1791d&auto_play=false&hide_related=true&show_comments=false&show_user=true&show_reposts=false&show_teaser=false\"><\/iframe><div style=\"font-size: 10px; color: #cccccc;line-break: anywhere;word-break: normal;overflow: hidden;white-space: nowrap;text-overflow: ellipsis; font-family: Interstate,Lucida Grande,Lucida Sans Unicode,Lucida Sans,Garuda,Verdana,Tahoma,sans-serif;font-weight: 100;\"><a href=\"https:\/\/soundcloud.com\/logisch-1\" title=\"logisch!\" target=\"_blank\" style=\"color: #cccccc; text-decoration: none;\">logisch!<\/a> \u00b7 <a href=\"https:\/\/soundcloud.com\/logisch-1\/die-sunderin\" title=\"Die S\u00fcnderin\" target=\"_blank\" style=\"color: #cccccc; text-decoration: none;\">Die S\u00fcnderin<\/a><\/div><\/div><\/div><div id=\"panel-585-2-1-3\" class=\"so-panel widget widget_text\" data-index=\"5\" ><div class=\"panel-widget-style panel-widget-style-for-585-2-1-3\" >\t\t\t<div class=\"textwidget\"><\/div>\n\t\t<\/div><\/div><div id=\"panel-585-2-1-4\" class=\"so-panel widget widget_sow-editor\" data-index=\"6\" ><div\n\t\t\t\n\t\t\tclass=\"so-widget-sow-editor so-widget-sow-editor-base\"\n\t\t\t\n\t\t>\n<div class=\"siteorigin-widget-tinymce textwidget\">\n\t<p>Die folgende H\u00f6rergeschichte bezieht sich auf die Geschichte vom Turmbau zu Babel, die wir in Folge 3 in Staffel 1 thematisiert haben: <a href=\"https:\/\/www.die-schrifterzaehler.de\/index.php\/2024\/11\/26\/s1f3-der-turmbau-zu-babel-gen-111-9\/\">Der Turmbau zu Babel (Gen 11,1-9)<\/a><\/p>\n<\/div>\n<\/div><\/div><div id=\"panel-585-2-1-5\" class=\"so-panel widget widget_sow-editor\" data-index=\"7\" ><div\n\t\t\t\n\t\t\tclass=\"so-widget-sow-editor so-widget-sow-editor-base\"\n\t\t\t\n\t\t>\n<div class=\"siteorigin-widget-tinymce textwidget\">\n\t<h2 class=\"sc-text-h1 soundTitle__title sc-font g-type-shrinkwrap-inline theme-dark\">Die zweite Flut<\/h2>\n<p>von Peter Holz<\/p>\n<p><a href=\"https:\/\/www.die-schrifterzaehler.de\/wp-content\/uploads\/2025\/07\/Die-zweite-Flut.pdf\"><img loading=\"lazy\" decoding=\"async\" class=\"alignnone wp-image-628\" src=\"https:\/\/www.die-schrifterzaehler.de\/wp-content\/uploads\/2025\/07\/pdf-2.png\" alt=\"\" width=\"100\" height=\"133\" srcset=\"https:\/\/www.die-schrifterzaehler.de\/wp-content\/uploads\/2025\/07\/pdf-2.png 384w, https:\/\/www.die-schrifterzaehler.de\/wp-content\/uploads\/2025\/07\/pdf-2-225x300.png 225w\" sizes=\"auto, (max-width: 100px) 100vw, 100px\" \/><\/a><\/p>\n<\/div>\n<\/div><\/div><div id=\"panel-585-2-1-6\" class=\"so-panel widget widget_text\" data-index=\"8\" ><div class=\"panel-widget-style panel-widget-style-for-585-2-1-6\" >\t\t\t<div class=\"textwidget\"><\/div>\n\t\t<\/div><\/div><div id=\"panel-585-2-1-7\" class=\"so-panel widget widget_sow-editor\" data-index=\"9\" ><div\n\t\t\t\n\t\t\tclass=\"so-widget-sow-editor so-widget-sow-editor-base\"\n\t\t\t\n\t\t>\n<div class=\"siteorigin-widget-tinymce textwidget\">\n\t<p>Die folgende H\u00f6rergeschichte bezieht sich auf die Geschichte vom Besessene von Gerasa, die wir in Folge 6 in Staffel 3 thematisiert haben: <a href=\"https:\/\/www.die-schrifterzaehler.de\/index.php\/2025\/07\/22\/s3f6-der-besessene-von-gerasa-mk-5\/\">Der Besessene von Gerasa (Mk 5)<\/a><\/p>\n<\/div>\n<\/div><\/div><div id=\"panel-585-2-1-8\" class=\"so-panel widget widget_sow-editor\" data-index=\"10\" ><div\n\t\t\t\n\t\t\tclass=\"so-widget-sow-editor so-widget-sow-editor-base\"\n\t\t\t\n\t\t>\n<div class=\"siteorigin-widget-tinymce textwidget\">\n\t<h2 class=\"sc-text-h1 soundTitle__title sc-font g-type-shrinkwrap-inline theme-dark\">Der Besessene aus Gerasa<\/h2>\n<p>von Christiane<\/p>\n<p><a href=\"https:\/\/www.die-schrifterzaehler.de\/wp-content\/uploads\/2025\/07\/Der-Besessene-aus-Gerasa.pdf\"><img loading=\"lazy\" decoding=\"async\" class=\"alignnone wp-image-628\" src=\"https:\/\/www.die-schrifterzaehler.de\/wp-content\/uploads\/2025\/07\/pdf-2.png\" alt=\"\" width=\"100\" height=\"133\" srcset=\"https:\/\/www.die-schrifterzaehler.de\/wp-content\/uploads\/2025\/07\/pdf-2.png 384w, https:\/\/www.die-schrifterzaehler.de\/wp-content\/uploads\/2025\/07\/pdf-2-225x300.png 225w\" sizes=\"auto, (max-width: 100px) 100vw, 100px\" \/><\/a><\/p>\n<\/div>\n<\/div><\/div><div id=\"panel-585-2-1-9\" class=\"so-panel widget widget_text\" data-index=\"11\" ><div class=\"panel-widget-style panel-widget-style-for-585-2-1-9\" >\t\t\t<div class=\"textwidget\"><\/div>\n\t\t<\/div><\/div><div id=\"panel-585-2-1-10\" class=\"so-panel widget widget_sow-editor\" data-index=\"12\" ><div\n\t\t\t\n\t\t\tclass=\"so-widget-sow-editor so-widget-sow-editor-base\"\n\t\t\t\n\t\t>\n<div class=\"siteorigin-widget-tinymce textwidget\">\n\t<p>Die folgende H\u00f6rergeschichte bezieht sich auf die Geschichte von Elijah am Berg Horeb, die wir in Folge 2 in Staffel 2 thematisiert haben: <a href=\"https:\/\/www.die-schrifterzaehler.de\/index.php\/2025\/01\/28\/s2f2-elijah-am-horeb-1-koen-191-18\/\"> Elijah am Horeb (1 K\u00f6n 19,1-18)<\/a><\/p>\n<\/div>\n<\/div><\/div><div id=\"panel-585-2-1-11\" class=\"so-panel widget widget_sow-editor\" data-index=\"13\" ><div\n\t\t\t\n\t\t\tclass=\"so-widget-sow-editor so-widget-sow-editor-base\"\n\t\t\t\n\t\t>\n<div class=\"siteorigin-widget-tinymce textwidget\">\n\t<h2 class=\"sc-text-h1 soundTitle__title sc-font g-type-shrinkwrap-inline theme-dark\">Vogelperspektive<\/h2>\n<p>von Bettina Schuttemeier<\/p>\n<p><a href=\"https:\/\/www.die-schrifterzaehler.de\/wp-content\/uploads\/2025\/07\/Vogelperspektive.pdf\"><img loading=\"lazy\" decoding=\"async\" class=\"alignnone wp-image-628\" src=\"https:\/\/www.die-schrifterzaehler.de\/wp-content\/uploads\/2025\/07\/pdf-2.png\" alt=\"\" width=\"100\" height=\"133\" srcset=\"https:\/\/www.die-schrifterzaehler.de\/wp-content\/uploads\/2025\/07\/pdf-2.png 384w, https:\/\/www.die-schrifterzaehler.de\/wp-content\/uploads\/2025\/07\/pdf-2-225x300.png 225w\" sizes=\"auto, (max-width: 100px) 100vw, 100px\" \/><\/a><\/p>\n<\/div>\n<\/div><\/div><div id=\"panel-585-2-1-12\" class=\"so-panel widget widget_text\" data-index=\"14\" ><div class=\"panel-widget-style panel-widget-style-for-585-2-1-12\" >\t\t\t<div class=\"textwidget\"><\/div>\n\t\t<\/div><\/div><div id=\"panel-585-2-1-13\" class=\"so-panel widget widget_sow-editor panel-last-child\" data-index=\"15\" ><div\n\t\t\t\n\t\t\tclass=\"so-widget-sow-editor so-widget-sow-editor-base\"\n\t\t\t\n\t\t>\n<div class=\"siteorigin-widget-tinymce textwidget\">\n\t<h2 class=\"sc-text-h1 soundTitle__title sc-font g-type-shrinkwrap-inline theme-dark\">Nachgedanken zu Lk 10,38\u201342,<br \/>\nJesu Besuch bei Marta und Maria.<\/h2>\n<p>von Andrea Rehn-Laryea<\/p>\n<p><a href=\"https:\/\/www.die-schrifterzaehler.de\/wp-content\/uploads\/2025\/08\/Nachgedanken-zu-Lk-1038\u201342-Jesu-Besuch-bei-Marta-und-Maria.-Andrea-Rehn-Laryea.pdf\"><img loading=\"lazy\" decoding=\"async\" class=\"alignnone wp-image-628\" src=\"https:\/\/www.die-schrifterzaehler.de\/wp-content\/uploads\/2025\/07\/pdf-2.png\" alt=\"\" width=\"100\" height=\"133\" srcset=\"https:\/\/www.die-schrifterzaehler.de\/wp-content\/uploads\/2025\/07\/pdf-2.png 384w, https:\/\/www.die-schrifterzaehler.de\/wp-content\/uploads\/2025\/07\/pdf-2-225x300.png 225w\" sizes=\"auto, (max-width: 100px) 100vw, 100px\" \/><\/a><\/p>\n<\/div>\n<\/div><\/div><\/div><div id=\"pgc-585-2-2\"  class=\"panel-grid-cell panel-grid-cell-empty\" ><\/div><\/div><\/div><div id=\"pg-585-3\"  class=\"panel-grid panel-no-style\" ><div id=\"pgc-585-3-0\"  class=\"panel-grid-cell panel-grid-cell-empty panel-grid-cell-mobile-last\" ><\/div><div id=\"pgc-585-3-1\"  class=\"panel-grid-cell panel-grid-cell-empty\" ><\/div><\/div><\/div>","protected":false},"excerpt":{"rendered":"<p>H\u00f6rergeschichten In dieser Rubrik findet ihr Geschichten unserer H\u00f6rerinnen und H\u00f6rer, als Text oder Audio. Wir sind begeistert! Und scheinbar haben wir als Schrifterz\u00e4hler etwas angesto\u00dfen, was Fr\u00fcchte tr\u00e4gt. Macht weiter und schickt uns eure Geschichten zur Bibel. Am besten unter info@die-schrifterzaehler.de<\/p>\n","protected":false},"author":1,"featured_media":0,"parent":0,"menu_order":0,"comment_status":"closed","ping_status":"closed","template":"","meta":{"neve_meta_sidebar":"","neve_meta_container":"","neve_meta_enable_content_width":"off","neve_meta_content_width":100,"neve_meta_title_alignment":"","neve_meta_author_avatar":"","neve_post_elements_order":"","neve_meta_disable_header":"","neve_meta_disable_footer":"","neve_meta_disable_title":"","footnotes":""},"class_list":["post-585","page","type-page","status-publish","hentry"],"_links":{"self":[{"href":"https:\/\/www.die-schrifterzaehler.de\/index.php\/wp-json\/wp\/v2\/pages\/585","targetHints":{"allow":["GET"]}}],"collection":[{"href":"https:\/\/www.die-schrifterzaehler.de\/index.php\/wp-json\/wp\/v2\/pages"}],"about":[{"href":"https:\/\/www.die-schrifterzaehler.de\/index.php\/wp-json\/wp\/v2\/types\/page"}],"author":[{"embeddable":true,"href":"https:\/\/www.die-schrifterzaehler.de\/index.php\/wp-json\/wp\/v2\/users\/1"}],"replies":[{"embeddable":true,"href":"https:\/\/www.die-schrifterzaehler.de\/index.php\/wp-json\/wp\/v2\/comments?post=585"}],"version-history":[{"count":31,"href":"https:\/\/www.die-schrifterzaehler.de\/index.php\/wp-json\/wp\/v2\/pages\/585\/revisions"}],"predecessor-version":[{"id":654,"href":"https:\/\/www.die-schrifterzaehler.de\/index.php\/wp-json\/wp\/v2\/pages\/585\/revisions\/654"}],"wp:attachment":[{"href":"https:\/\/www.die-schrifterzaehler.de\/index.php\/wp-json\/wp\/v2\/media?parent=585"}],"curies":[{"name":"wp","href":"https:\/\/api.w.org\/{rel}","templated":true}]}}