{"id":458,"date":"2025-01-10T10:36:48","date_gmt":"2025-01-10T10:36:48","guid":{"rendered":"https:\/\/www.die-schrifterzaehler.de\/index.php\/newsletter\/"},"modified":"2025-01-10T16:13:09","modified_gmt":"2025-01-10T16:13:09","slug":"newsletter","status":"publish","type":"page","link":"https:\/\/www.die-schrifterzaehler.de\/index.php\/newsletter\/","title":{"rendered":"Newsletter"},"content":{"rendered":"<div id=\"pl-458\"  class=\"panel-layout\" ><div id=\"pg-458-0\"  class=\"panel-grid panel-has-style\" ><div class=\"panel-row-style panel-row-style-for-458-0\" ><div id=\"pgc-458-0-0\"  class=\"panel-grid-cell panel-grid-cell-empty\" ><\/div><div id=\"pgc-458-0-1\"  class=\"panel-grid-cell panel-grid-cell-mobile-last\" ><div id=\"panel-458-0-1-0\" class=\"so-panel widget widget_sow-editor panel-first-child\" data-index=\"0\" ><div\n\t\t\t\n\t\t\tclass=\"so-widget-sow-editor so-widget-sow-editor-base\"\n\t\t\t\n\t\t><h3 class=\"widget-title\">Newsletter<\/h3>\n<div class=\"siteorigin-widget-tinymce textwidget\">\n\t<p>Du m\u00f6chtest \u00fcber Neuigkeiten bei den Schrifterz\u00e4hler informiert werden? Dann abonnier unseren Newsletter.<\/p>\n<\/div>\n<\/div><\/div><div id=\"panel-458-0-1-1\" class=\"so-panel widget widget_sow-editor panel-last-child\" data-index=\"1\" ><div\n\t\t\t\n\t\t\tclass=\"so-widget-sow-editor so-widget-sow-editor-base\"\n\t\t\t\n\t\t>\n<div class=\"siteorigin-widget-tinymce textwidget\">\n\t<div class=\"tnp tnp-subscription \">\n<form method=\"post\" action=\"https:\/\/www.die-schrifterzaehler.de\/wp-admin\/admin-ajax.php?action=tnp&amp;na=s\">\n<input type=\"hidden\" name=\"nlang\" value=\"\">\n<div class=\"tnp-field tnp-field-email\"><label for=\"tnp-1\">E-Mail-Adresse<\/label>\n<input class=\"tnp-email\" type=\"email\" name=\"ne\" id=\"tnp-1\" value=\"\" placeholder=\"\" required><\/div>\n<div class=\"tnp-field tnp-privacy-field\"><label><input type=\"checkbox\" name=\"ny\" required class=\"tnp-privacy\"> Hiermit akzeptiere ich die Datenschutzbestimmungen<\/label><\/div><div class=\"tnp-field tnp-field-button\" style=\"text-align: left\"><input class=\"tnp-submit\" type=\"submit\" value=\"Abonnieren\" style=\"\">\n<\/div>\n<\/form>\n<\/div>\n\n<\/div>\n<\/div><\/div><\/div><div id=\"pgc-458-0-2\"  class=\"panel-grid-cell panel-grid-cell-empty\" ><\/div><\/div><\/div><\/div>","protected":false},"excerpt":{"rendered":"<p>Du m\u00f6chtest \u00fcber Neuigkeiten bei den Schrifterz\u00e4hler informiert werden? Dann abonnier unseren Newsletter.<\/p>\n","protected":false},"author":1,"featured_media":0,"parent":0,"menu_order":0,"comment_status":"closed","ping_status":"closed","template":"","meta":{"neve_meta_sidebar":"","neve_meta_container":"","neve_meta_enable_content_width":"off","neve_meta_content_width":100,"neve_meta_title_alignment":"","neve_meta_author_avatar":"","neve_post_elements_order":"","neve_meta_disable_header":"","neve_meta_disable_footer":"","neve_meta_disable_title":"","footnotes":""},"class_list":["post-458","page","type-page","status-publish","hentry"],"_links":{"self":[{"href":"https:\/\/www.die-schrifterzaehler.de\/index.php\/wp-json\/wp\/v2\/pages\/458","targetHints":{"allow":["GET"]}}],"collection":[{"href":"https:\/\/www.die-schrifterzaehler.de\/index.php\/wp-json\/wp\/v2\/pages"}],"about":[{"href":"https:\/\/www.die-schrifterzaehler.de\/index.php\/wp-json\/wp\/v2\/types\/page"}],"author":[{"embeddable":true,"href":"https:\/\/www.die-schrifterzaehler.de\/index.php\/wp-json\/wp\/v2\/users\/1"}],"replies":[{"embeddable":true,"href":"https:\/\/www.die-schrifterzaehler.de\/index.php\/wp-json\/wp\/v2\/comments?post=458"}],"version-history":[{"count":6,"href":"https:\/\/www.die-schrifterzaehler.de\/index.php\/wp-json\/wp\/v2\/pages\/458\/revisions"}],"predecessor-version":[{"id":462,"href":"https:\/\/www.die-schrifterzaehler.de\/index.php\/wp-json\/wp\/v2\/pages\/458\/revisions\/462"}],"wp:attachment":[{"href":"https:\/\/www.die-schrifterzaehler.de\/index.php\/wp-json\/wp\/v2\/media?parent=458"}],"curies":[{"name":"wp","href":"https:\/\/api.w.org\/{rel}","templated":true}]}}