{"id":190,"date":"2024-10-31T16:49:57","date_gmt":"2024-10-31T16:49:57","guid":{"rendered":"https:\/\/dev.die-schrifterzaehler.de\/?page_id=190"},"modified":"2024-11-09T18:13:19","modified_gmt":"2024-11-09T18:13:19","slug":"startseite","status":"publish","type":"page","link":"https:\/\/www.die-schrifterzaehler.de\/","title":{"rendered":"Startseite"},"content":{"rendered":"<div id=\"pl-190\"  class=\"panel-layout\" ><div id=\"pg-190-0\"  class=\"panel-grid panel-has-style\" ><div class=\"panel-row-style panel-row-style-for-190-0\" ><div id=\"pgc-190-0-0\"  class=\"panel-grid-cell panel-grid-cell-empty\" ><\/div><div id=\"pgc-190-0-1\"  class=\"panel-grid-cell panel-grid-cell-mobile-last\" ><div id=\"panel-190-0-1-0\" class=\"so-panel widget widget_sow-image panel-first-child panel-last-child\" data-index=\"0\" ><div class=\"so-rounded panel-widget-style panel-widget-style-for-190-0-1-0\" ><div\n\t\t\t\n\t\t\tclass=\"so-widget-sow-image so-widget-sow-image-default-c67d20f9f743-190\"\n\t\t\t\n\t\t>\n\n<div class=\"sow-image-container\">\n\t\t<img loading=\"lazy\" decoding=\"async\" src=\"https:\/\/www.die-schrifterzaehler.de\/wp-content\/uploads\/2024\/11\/Cover_Schrifterzaehler_RGB-03-1-scaled.jpg\" width=\"2560\" height=\"2560\" srcset=\"https:\/\/www.die-schrifterzaehler.de\/wp-content\/uploads\/2024\/11\/Cover_Schrifterzaehler_RGB-03-1-scaled.jpg 2560w, https:\/\/www.die-schrifterzaehler.de\/wp-content\/uploads\/2024\/11\/Cover_Schrifterzaehler_RGB-03-1-300x300.jpg 300w, https:\/\/www.die-schrifterzaehler.de\/wp-content\/uploads\/2024\/11\/Cover_Schrifterzaehler_RGB-03-1-1024x1024.jpg 1024w, https:\/\/www.die-schrifterzaehler.de\/wp-content\/uploads\/2024\/11\/Cover_Schrifterzaehler_RGB-03-1-150x150.jpg 150w, https:\/\/www.die-schrifterzaehler.de\/wp-content\/uploads\/2024\/11\/Cover_Schrifterzaehler_RGB-03-1-768x768.jpg 768w, https:\/\/www.die-schrifterzaehler.de\/wp-content\/uploads\/2024\/11\/Cover_Schrifterzaehler_RGB-03-1-1536x1536.jpg 1536w, https:\/\/www.die-schrifterzaehler.de\/wp-content\/uploads\/2024\/11\/Cover_Schrifterzaehler_RGB-03-1-2048x2048.jpg 2048w\" sizes=\"auto, (max-width: 2560px) 100vw, 2560px\" title=\"Cover_Schrifterzaehler_RGB-03\" alt=\"\" \t\tclass=\"so-widget-image\"\/>\n\t<\/div>\n\n<\/div><\/div><\/div><\/div><div id=\"pgc-190-0-2\"  class=\"panel-grid-cell panel-grid-cell-empty\" ><\/div><\/div><\/div><div id=\"pg-190-1\"  class=\"panel-grid panel-has-style\" ><div class=\"panel-row-style panel-row-style-for-190-1\" ><div id=\"pgc-190-1-0\"  class=\"panel-grid-cell panel-grid-cell-empty\" ><\/div><div id=\"pgc-190-1-1\"  class=\"panel-grid-cell panel-grid-cell-mobile-last\" ><div id=\"panel-190-1-1-0\" class=\"so-panel widget widget_sow-editor panel-first-child\" data-index=\"1\" ><div class=\"panel-widget-style panel-widget-style-for-190-1-1-0\" ><div\n\t\t\t\n\t\t\tclass=\"so-widget-sow-editor so-widget-sow-editor-base\"\n\t\t\t\n\t\t>\n<div class=\"siteorigin-widget-tinymce textwidget\">\n\t<h1 style=\"text-align: center;\">Lebendige Geschichten \u2013 Ein Podcast in biblischer Tradition<\/h1>\n<h3 style=\"text-align: center;\">\u201eDie Schrifterz\u00e4hler\u201c beleben die alte Tradition des Erz\u00e4hlens von biblischen Geschichten.<\/h3>\n<\/div>\n<\/div><\/div><\/div><div id=\"panel-190-1-1-1\" class=\"so-panel widget widget_sow-editor panel-last-child\" data-index=\"2\" ><div class=\"panel-widget-style panel-widget-style-for-190-1-1-1\" ><div\n\t\t\t\n\t\t\tclass=\"so-widget-sow-editor so-widget-sow-editor-base\"\n\t\t\t\n\t\t>\n<div class=\"siteorigin-widget-tinymce textwidget\">\n\t<p style=\"text-align: center;\">Ein Podcast von und mit<\/p>\n<\/div>\n<\/div><\/div><\/div><\/div><div id=\"pgc-190-1-2\"  class=\"panel-grid-cell panel-grid-cell-empty\" ><\/div><\/div><\/div><div id=\"pg-190-2\"  class=\"panel-grid panel-has-style\" ><div class=\"panel-row-style panel-row-style-for-190-2\" ><div id=\"pgc-190-2-0\"  class=\"panel-grid-cell panel-grid-cell-empty\" ><\/div><div id=\"pgc-190-2-1\"  class=\"panel-grid-cell\" ><div id=\"panel-190-2-1-0\" class=\"so-panel widget widget_sow-image panel-first-child\" data-index=\"3\" ><div\n\t\t\t\n\t\t\tclass=\"so-widget-sow-image so-widget-sow-image-default-63022079a420-190\"\n\t\t\t\n\t\t>\n\n<div class=\"sow-image-container\">\n\t\t<img loading=\"lazy\" decoding=\"async\" src=\"https:\/\/www.die-schrifterzaehler.de\/wp-content\/uploads\/2024\/08\/pic_till_magnus_steiner.jpg\" width=\"2000\" height=\"2000\" srcset=\"https:\/\/www.die-schrifterzaehler.de\/wp-content\/uploads\/2024\/08\/pic_till_magnus_steiner.jpg 2000w, https:\/\/www.die-schrifterzaehler.de\/wp-content\/uploads\/2024\/08\/pic_till_magnus_steiner-300x300.jpg 300w, https:\/\/www.die-schrifterzaehler.de\/wp-content\/uploads\/2024\/08\/pic_till_magnus_steiner-1024x1024.jpg 1024w, https:\/\/www.die-schrifterzaehler.de\/wp-content\/uploads\/2024\/08\/pic_till_magnus_steiner-150x150.jpg 150w, https:\/\/www.die-schrifterzaehler.de\/wp-content\/uploads\/2024\/08\/pic_till_magnus_steiner-768x768.jpg 768w, https:\/\/www.die-schrifterzaehler.de\/wp-content\/uploads\/2024\/08\/pic_till_magnus_steiner-1536x1536.jpg 1536w\" sizes=\"auto, (max-width: 2000px) 100vw, 2000px\" alt=\"\" \t\tclass=\"so-widget-image\"\/>\n\t<\/div>\n\n<\/div><\/div><div id=\"panel-190-2-1-1\" class=\"so-panel widget widget_sow-editor panel-last-child\" data-index=\"4\" ><div class=\"panel-widget-style panel-widget-style-for-190-2-1-1\" ><div\n\t\t\t\n\t\t\tclass=\"so-widget-sow-editor so-widget-sow-editor-base\"\n\t\t\t\n\t\t>\n<div class=\"siteorigin-widget-tinymce textwidget\">\n\t<p style=\"text-align: center;\">Till Magnus Steiner<\/p>\n<\/div>\n<\/div><\/div><\/div><\/div><div id=\"pgc-190-2-2\"  class=\"panel-grid-cell panel-grid-cell-mobile-last\" ><div id=\"panel-190-2-2-0\" class=\"so-panel widget widget_sow-image panel-first-child\" data-index=\"5\" ><div\n\t\t\t\n\t\t\tclass=\"so-widget-sow-image so-widget-sow-image-default-63022079a420-190\"\n\t\t\t\n\t\t>\n\n<div class=\"sow-image-container\">\n\t\t<img loading=\"lazy\" decoding=\"async\" src=\"https:\/\/www.die-schrifterzaehler.de\/wp-content\/uploads\/2024\/08\/pic_werner_kleine.jpg\" width=\"2000\" height=\"2000\" srcset=\"https:\/\/www.die-schrifterzaehler.de\/wp-content\/uploads\/2024\/08\/pic_werner_kleine.jpg 2000w, https:\/\/www.die-schrifterzaehler.de\/wp-content\/uploads\/2024\/08\/pic_werner_kleine-300x300.jpg 300w, https:\/\/www.die-schrifterzaehler.de\/wp-content\/uploads\/2024\/08\/pic_werner_kleine-1024x1024.jpg 1024w, https:\/\/www.die-schrifterzaehler.de\/wp-content\/uploads\/2024\/08\/pic_werner_kleine-150x150.jpg 150w, https:\/\/www.die-schrifterzaehler.de\/wp-content\/uploads\/2024\/08\/pic_werner_kleine-768x768.jpg 768w, https:\/\/www.die-schrifterzaehler.de\/wp-content\/uploads\/2024\/08\/pic_werner_kleine-1536x1536.jpg 1536w\" sizes=\"auto, (max-width: 2000px) 100vw, 2000px\" alt=\"\" \t\tclass=\"so-widget-image\"\/>\n\t<\/div>\n\n<\/div><\/div><div id=\"panel-190-2-2-1\" class=\"so-panel widget widget_sow-editor panel-last-child\" data-index=\"6\" ><div class=\"panel-widget-style panel-widget-style-for-190-2-2-1\" ><div\n\t\t\t\n\t\t\tclass=\"so-widget-sow-editor so-widget-sow-editor-base\"\n\t\t\t\n\t\t>\n<div class=\"siteorigin-widget-tinymce textwidget\">\n\t<p style=\"text-align: center;\">Werner Kleine<\/p>\n<\/div>\n<\/div><\/div><\/div><\/div><div id=\"pgc-190-2-3\"  class=\"panel-grid-cell panel-grid-cell-empty\" ><\/div><\/div><\/div><div id=\"pg-190-3\"  class=\"panel-grid panel-has-style\" ><div class=\"panel-row-style panel-row-style-for-190-3\" ><div id=\"pgc-190-3-0\"  class=\"panel-grid-cell panel-grid-cell-empty\" ><\/div><div id=\"pgc-190-3-1\"  class=\"panel-grid-cell panel-grid-cell-mobile-last\" ><div id=\"panel-190-3-1-0\" class=\"so-panel widget widget_sow-editor panel-first-child\" data-index=\"7\" ><div class=\"panel-widget-style panel-widget-style-for-190-3-1-0\" ><div\n\t\t\t\n\t\t\tclass=\"so-widget-sow-editor so-widget-sow-editor-base\"\n\t\t\t\n\t\t>\n<div class=\"siteorigin-widget-tinymce textwidget\">\n\t<h1>Aktuelle Episode<\/h1>\n<\/div>\n<\/div><\/div><\/div><div id=\"panel-190-3-1-1\" class=\"so-panel widget widget_text\" data-index=\"8\" ><div class=\"panel-widget-style panel-widget-style-for-190-3-1-1\" >\t\t\t<div class=\"textwidget\"><p><code><ul class=\"display-posts-listing\"><li class=\"listing-item\"><div class=\"content\"><div><script id=\"letscast-player-e6cb8f0f\" src=\"https:\/\/letscast.fm\/podcasts\/die-schrifterzaehler-384714de\/episodes\/weihnachtsspecial-fuerchtet-euch-nicht\/player.js\"><\/script><\/div>\n<p><a href=\"https:\/\/www.die-schrifterzaehler.de\/index.php\/2025\/12\/21\/weihnachtsspecial-fuerchtet-euch-nicht\/\" rel=\"bookmark\">Weiterlesen &raquo;<span class=\"screen-reader-text\">Weihnachtsspecial: \u201eF\u00fcrchtet euch nicht!\u2018\u2018<\/span><\/a><\/p>\n<\/div><\/li><\/ul><\/code><\/p>\n<\/div>\n\t\t<\/div><\/div><div id=\"panel-190-3-1-2\" class=\"so-panel widget widget_sow-editor panel-last-child\" data-index=\"9\" ><div class=\"panel-widget-style panel-widget-style-for-190-3-1-2\" ><div\n\t\t\t\n\t\t\tclass=\"so-widget-sow-editor so-widget-sow-editor-base\"\n\t\t\t\n\t\t>\n<div class=\"siteorigin-widget-tinymce textwidget\">\n\t<h3><a href=\"https:\/\/www.die-schrifterzaehler.de\/index.php\/die-schrifterzaehler\/\">ZU DEN EPISODEN<\/a><\/h3>\n<\/div>\n<\/div><\/div><\/div><\/div><div id=\"pgc-190-3-2\"  class=\"panel-grid-cell panel-grid-cell-empty\" ><\/div><\/div><\/div><div id=\"pg-190-4\"  class=\"panel-grid panel-has-style\" ><div class=\"panel-row-style panel-row-style-for-190-4\" ><div id=\"pgc-190-4-0\"  class=\"panel-grid-cell panel-grid-cell-empty\" ><\/div><div id=\"pgc-190-4-1\"  class=\"panel-grid-cell panel-grid-cell-mobile-last\" ><div id=\"panel-190-4-1-0\" class=\"so-panel widget widget_sow-editor panel-first-child panel-last-child\" data-index=\"10\" ><div\n\t\t\t\n\t\t\tclass=\"so-widget-sow-editor so-widget-sow-editor-base\"\n\t\t\t\n\t\t>\n<div class=\"siteorigin-widget-tinymce textwidget\">\n\t<h1>Die Leidenschaft zu erz\u00e4hlen<\/h1>\n<p>Im Anfang erschuf Gott Himmel und Erde, und alles war gut \u2013 und ein Kapitel sp\u00e4ter im Buch Genesis wird die Schaffung der Welt nochmal neu erz\u00e4hlt und es ist nicht mehr alles gut. Bereits in den ersten Versen der Bibel wird deutlich, dass die biblischen Erz\u00e4hler Freude an Widerspr\u00fcchen, Leerstellen und am Neuerz\u00e4hlen haben. So verwundert es auch nicht, dass im Neuen Testament nicht nur eine Jesu-Erz\u00e4hlung vorliegt, sondern das Evangelium Jesu von vier Autoren aus ihren verschiedenen Perspektiven erz\u00e4hlt wird. In der Geschichte des Christentums gab es viele Versuche aus dieser Verweigerung der Synthese eine einzige \u201aharmonische\u2018 Erz\u00e4hlung werden zu lassen.<\/p>\n<p>Doch die Vielfalt hat sich gegen die Eindimensionalit\u00e4t durchgesetzt. Stattdessen setzten im fr\u00fchen Christentum Theologen immer wieder neu an, um die Geschichte Jesu zu erz\u00e4hlen und noch viele apokryphe Evangelien entstanden. Die apokryphen Evangelien sind Zeugen einer lebendigen Dynamik des Weitererz\u00e4hlens der Jesus\u00fcberlieferungen und nehmen, wie die biblischen Texte, Fragen und Diskussionen ihrer Zeit auf. Doch in der Geschichte des Christentums verschob sich zunehmend der Fokus vom Erz\u00e4hlen der biblischen Geschichten hin zu ihrer Kommentierung, Auslegung und Predigt.<\/p>\n<p>Inmitten unserer heutigen Welt, die von Erz\u00e4hlungen gepr\u00e4gt ist \u2013 von Netflix bis zu Fake News \u2013 wollen wir mit unserem Projekt \u201eDie Schrifterz\u00e4hler\u201c die biblische Tradition des dynamischen Erz\u00e4hlens wiederbeleben; und d.h. unsere Fragen an die biblischen Texte heranzutragen \u2013 nicht, um Antworten in Stein zu mei\u00dfeln, sondern um zu erz\u00e4hlen und dadurch neue Fragen, die zur\u00fcck zu den biblischen Texten f\u00fchren, aufzuwerfen. Wir wollen Leerstellen ernstnehmen, neue Perspektiven einbringen, Ideen aufnehmen und uns die radikale Frage stellen: \u201eWie w\u00fcrde ich selbst diese oder jene biblische Geschichte erz\u00e4hlen?\u201c.<\/p>\n<\/div>\n<\/div><\/div><\/div><div id=\"pgc-190-4-2\"  class=\"panel-grid-cell panel-grid-cell-empty\" ><\/div><\/div><\/div><\/div>","protected":false},"excerpt":{"rendered":"<p>Lebendige Geschichten \u2013 Ein Podcast in biblischer Tradition \u201eDie Schrifterz\u00e4hler\u201c beleben die alte Tradition des Erz\u00e4hlens von biblischen Geschichten. Ein Podcast von und mit<\/p>\n","protected":false},"author":1,"featured_media":0,"parent":0,"menu_order":0,"comment_status":"closed","ping_status":"closed","template":"","meta":{"neve_meta_sidebar":"","neve_meta_container":"full-width","neve_meta_enable_content_width":"off","neve_meta_content_width":100,"neve_meta_title_alignment":"","neve_meta_author_avatar":"","neve_post_elements_order":"","neve_meta_disable_header":"","neve_meta_disable_footer":"","neve_meta_disable_title":"on","footnotes":""},"class_list":["post-190","page","type-page","status-publish","hentry"],"_links":{"self":[{"href":"https:\/\/www.die-schrifterzaehler.de\/index.php\/wp-json\/wp\/v2\/pages\/190","targetHints":{"allow":["GET"]}}],"collection":[{"href":"https:\/\/www.die-schrifterzaehler.de\/index.php\/wp-json\/wp\/v2\/pages"}],"about":[{"href":"https:\/\/www.die-schrifterzaehler.de\/index.php\/wp-json\/wp\/v2\/types\/page"}],"author":[{"embeddable":true,"href":"https:\/\/www.die-schrifterzaehler.de\/index.php\/wp-json\/wp\/v2\/users\/1"}],"replies":[{"embeddable":true,"href":"https:\/\/www.die-schrifterzaehler.de\/index.php\/wp-json\/wp\/v2\/comments?post=190"}],"version-history":[{"count":66,"href":"https:\/\/www.die-schrifterzaehler.de\/index.php\/wp-json\/wp\/v2\/pages\/190\/revisions"}],"predecessor-version":[{"id":403,"href":"https:\/\/www.die-schrifterzaehler.de\/index.php\/wp-json\/wp\/v2\/pages\/190\/revisions\/403"}],"wp:attachment":[{"href":"https:\/\/www.die-schrifterzaehler.de\/index.php\/wp-json\/wp\/v2\/media?parent=190"}],"curies":[{"name":"wp","href":"https:\/\/api.w.org\/{rel}","templated":true}]}}